{"id":646,"date":"2025-03-10T18:30:02","date_gmt":"2025-03-10T18:30:02","guid":{"rendered":"https:\/\/papadakisfinest.com\/?page_id=646"},"modified":"2025-03-12T14:05:17","modified_gmt":"2025-03-12T14:05:17","slug":"ueber-uns","status":"publish","type":"page","link":"https:\/\/papadakisfinest.com\/en\/ueber-uns\/","title":{"rendered":"\u00dcber uns.."},"content":{"rendered":"\n<div class=\"wp-block-cover alignfull\"><span aria-hidden=\"true\" class=\"wp-block-cover__background has-background-dim-0 has-background-dim\"><\/span><img loading=\"lazy\" decoding=\"async\" width=\"1920\" height=\"2560\" class=\"wp-block-cover__image-background wp-image-649\" alt=\"\" src=\"http:\/\/papadakisfinest.com\/wp-content\/uploads\/2025\/03\/IMG_8742-1-scaled.jpg\" style=\"object-position:56% 60%\" data-object-fit=\"cover\" data-object-position=\"56% 60%\" srcset=\"https:\/\/papadakisfinest.com\/wp-content\/uploads\/2025\/03\/IMG_8742-1-scaled.jpg 1920w, https:\/\/papadakisfinest.com\/wp-content\/uploads\/2025\/03\/IMG_8742-1-225x300.jpg 225w, https:\/\/papadakisfinest.com\/wp-content\/uploads\/2025\/03\/IMG_8742-1-768x1024.jpg 768w, https:\/\/papadakisfinest.com\/wp-content\/uploads\/2025\/03\/IMG_8742-1-1152x1536.jpg 1152w, https:\/\/papadakisfinest.com\/wp-content\/uploads\/2025\/03\/IMG_8742-1-1536x2048.jpg 1536w, https:\/\/papadakisfinest.com\/wp-content\/uploads\/2025\/03\/IMG_8742-1-9x12.jpg 9w\" sizes=\"auto, (max-width: 1920px) 100vw, 1920px\" \/><div class=\"wp-block-cover__inner-container is-layout-flow wp-block-cover-is-layout-flow\">\n<p class=\"has-text-align-center has-palette-color-2-color has-text-color has-link-color has-large-font-size wp-elements-13420bbc6579b2c328b810e0ef103570\"><strong>Unser nat\u00fcrliches, natives Oliven\u00f6l ist fertig. <\/strong><strong>Die Erntesaison 2024\/2025 ist beendet!<\/strong><\/p>\n<\/div><\/div>\n\n\n\n<div class=\"wp-block-media-text is-stacked-on-mobile\"><figure class=\"wp-block-media-text__media\"><img loading=\"lazy\" decoding=\"async\" width=\"1024\" height=\"768\" src=\"http:\/\/papadakisfinest.com\/wp-content\/uploads\/2025\/02\/IMG_8287-1024x768.jpg\" alt=\"\" class=\"wp-image-576 size-full\" srcset=\"https:\/\/papadakisfinest.com\/wp-content\/uploads\/2025\/02\/IMG_8287-1024x768.jpg 1024w, https:\/\/papadakisfinest.com\/wp-content\/uploads\/2025\/02\/IMG_8287-300x225.jpg 300w, https:\/\/papadakisfinest.com\/wp-content\/uploads\/2025\/02\/IMG_8287-768x576.jpg 768w, https:\/\/papadakisfinest.com\/wp-content\/uploads\/2025\/02\/IMG_8287-1536x1152.jpg 1536w, https:\/\/papadakisfinest.com\/wp-content\/uploads\/2025\/02\/IMG_8287-2048x1536.jpg 2048w\" sizes=\"auto, (max-width: 1024px) 100vw, 1024px\" \/><\/figure><div class=\"wp-block-media-text__content\">\n<p><br><strong>Unser Oliven\u00f6l wird in den Bergen rund um das Fischerdorf Plakias, im S\u00fcden Kretas, hergestellt<\/strong> \u2013 vor allem im Dorf Sellia, das wie ein Sattel auf einem Bergkamm liegt, etwa 300 Meter \u00fcber dem Meer. Hier wachsen seit jeher kretische Oliven, die f\u00fcr ihr intensives Aroma und ihren geringen S\u00e4uregehalt bekannt sind. Aber wie fing alles an? <strong>Wir sind Manolis &amp; Myrina.<\/strong> Nachdem wir uns 2021 kennengelernt hatten, war sofort klar: Myrina hatte gro\u00dfe Lust, bei der Olivenernte zu helfen und zu lernen, wie der gesamte Prozess funktioniert. Manolis\u2019 Familie pflegt und erntet Oliven seit Generationen \u2013 wie viele Familien hier vor Ort \u2013 und produziert ihr eigenes \u00d6l.<\/p>\n<\/div><\/div>\n\n\n\n<div style=\"height:73px\" aria-hidden=\"true\" class=\"wp-block-spacer\"><\/div>\n\n\n\n<div class=\"wp-block-media-text has-media-on-the-right is-stacked-on-mobile\" style=\"grid-template-columns:auto 40%\"><div class=\"wp-block-media-text__content\">\n<h2 class=\"wp-block-heading\">Von der Ernte zum fertigen Oliven\u00f6l&#8230;<\/h2>\n\n\n\n<p><br>Die Tradition der Ernte wird innerhalb der Familien weitergegeben, und Manolis\u2019 Gro\u00dfvater Manolis hatte vor vielen Jahren sogar eine eigene Olivenm\u00fchle im Dorf. Damals waren die M\u00fchlen jedoch l\u00e4ngst nicht so modern wie heute: Die gro\u00dfen M\u00fchlsteine wurden noch von Hand und mit Hilfe von Eseln bewegt, um das Oliven\u00f6l zu pressen. Die Ernte und die Produktion des \u00d6ls erfolgten in reiner Handarbeit \u2013 ein langwieriger und kr\u00e4ftezehrender Prozess.<br><br>Auch die Ernte selbst wurde vollst\u00e4ndig von Hand durchgef\u00fchrt. Die gesamte Familie stand im Feld, und jeder packte mit an \u2013 hier in den Bergen, wo die steilen H\u00e4nge die Arbeit besonders anstrengend machen. Das durfte auch mein Papa Manuel letzten November am eigenen Leib erfahren. Obwohl wir an diesem Tag auf relativ flachem Terrain unterwegs waren, konnte er nach ein paar Stunden best\u00e4tigen, wie intensiv der Erntevorgang ist.<\/p>\n\n\n\n<p><\/p>\n<\/div><figure class=\"wp-block-media-text__media\"><img loading=\"lazy\" decoding=\"async\" width=\"768\" height=\"1024\" src=\"http:\/\/papadakisfinest.com\/wp-content\/uploads\/2024\/12\/IMG_8206-768x1024.jpg\" alt=\"\" class=\"wp-image-57 size-full\" srcset=\"https:\/\/papadakisfinest.com\/wp-content\/uploads\/2024\/12\/IMG_8206-768x1024.jpg 768w, https:\/\/papadakisfinest.com\/wp-content\/uploads\/2024\/12\/IMG_8206-225x300.jpg 225w, https:\/\/papadakisfinest.com\/wp-content\/uploads\/2024\/12\/IMG_8206-1152x1536.jpg 1152w, https:\/\/papadakisfinest.com\/wp-content\/uploads\/2024\/12\/IMG_8206-1536x2048.jpg 1536w, https:\/\/papadakisfinest.com\/wp-content\/uploads\/2024\/12\/IMG_8206-scaled.jpg 1920w\" sizes=\"auto, (max-width: 768px) 100vw, 768px\" \/><\/figure><\/div>\n\n\n\n<div style=\"height:47px\" aria-hidden=\"true\" class=\"wp-block-spacer\"><\/div>\n\n\n\n<div class=\"wp-block-media-text is-stacked-on-mobile\" style=\"grid-template-columns:35% auto\"><figure class=\"wp-block-media-text__media\"><img loading=\"lazy\" decoding=\"async\" width=\"768\" height=\"1024\" src=\"https:\/\/papadakisfinest.com\/wp-content\/uploads\/2025\/03\/IMG_8474-768x1024.jpg\" alt=\"\" class=\"wp-image-663 size-full\" srcset=\"https:\/\/papadakisfinest.com\/wp-content\/uploads\/2025\/03\/IMG_8474-768x1024.jpg 768w, https:\/\/papadakisfinest.com\/wp-content\/uploads\/2025\/03\/IMG_8474-225x300.jpg 225w, https:\/\/papadakisfinest.com\/wp-content\/uploads\/2025\/03\/IMG_8474-1152x1536.jpg 1152w, https:\/\/papadakisfinest.com\/wp-content\/uploads\/2025\/03\/IMG_8474-1536x2048.jpg 1536w, https:\/\/papadakisfinest.com\/wp-content\/uploads\/2025\/03\/IMG_8474-9x12.jpg 9w, https:\/\/papadakisfinest.com\/wp-content\/uploads\/2025\/03\/IMG_8474-scaled.jpg 1920w\" sizes=\"auto, (max-width: 768px) 100vw, 768px\" \/><\/figure><div class=\"wp-block-media-text__content\">\n<p>Heute helfen uns moderne technische Ger\u00e4te, die Ernte effizienter zu gestalten:\u2028Mit speziellen, motorisierten \u201eSticks\u201c, die \u00fcber einen Generator betrieben werden, lassen sich die Oliven schonend aus den B\u00e4umen sch\u00fctteln. An den Sticks befinden sich weiche Plastiknoppen, die durch schnelles Rotieren die Arbeit nachahmen, die fr\u00fcher vollst\u00e4ndig von Hand erledigt wurde. Doch auch dieser Vorgang ist harte Arbeit \u2013 die Sticks m\u00fcssen vorsichtig und gr\u00fcndlich durch den Baum gef\u00fchrt werden, damit die Oliven unversehrt auf die ausgelegten Netze fallen.<br>Die bis zu 80 Quadratmeter gro\u00dfen Netze werden um die B\u00e4ume herum ausgebreitet und anschlie\u00dfend \u2013 mitsamt den herabgefallenen Oliven \u2013 zusammengetragen. So landen alle Oliven an einem Platz und k\u00f6nnen mit Eimern, H\u00e4nden und viel Schwei\u00df in gro\u00dfe Jutes\u00e4cke gepackt werden. Nat\u00fcrlich versuchen wir dabei, m\u00f6glichst viele Bl\u00e4tter und \u00c4ste direkt auszusortieren.<\/p>\n\n\n\n<p><\/p>\n<\/div><\/div>\n\n\n\n<div style=\"height:47px\" aria-hidden=\"true\" class=\"wp-block-spacer\"><\/div>\n\n\n\n<div class=\"wp-block-media-text has-media-on-the-right is-stacked-on-mobile\" style=\"grid-template-columns:auto 29%\"><div class=\"wp-block-media-text__content\">\n<p>Die 50-kg-S\u00e4cke werden anschlie\u00dfend zum Auto getragen und nach einem langen Erntetag in die nahegelegene Olivenm\u00fchle transportiert. Unsere M\u00fchle in Sellia wird genossenschaftlich betrieben und verarbeitet innerhalb weniger Stunden unsere Oliven zu einem f<strong>ertigen Produkt: ungefiltertes, nat\u00fcrliches, natives Oliven\u00f6l mit einem S\u00e4uregehalt von 0,5 % und einem fruchtig-pfeffrigen Geschmack.<\/strong><br><br>Aber warum nennen wir unser Oliven\u00f6l \u201enat\u00fcrlich\u201c und nicht \u201eBio\u201c? Ganz einfach: weil wir noch nicht bio-zertifiziert sind. F\u00fcr uns spielt Transparenz eine gro\u00dfe Rolle, und eines ist sicher \u2013 unsere Olivenb\u00e4ume werden nicht gespritzt oder mit anderen Chemikalien behandelt. Ged\u00fcngt wird nach der Ernte mit hochwertigem Biod\u00fcnger. Unsere B\u00e4ume wachsen also v\u00f6llig nat\u00fcrlich und sind gepr\u00e4gt von dem, was Kreta ausmacht: enorme Hitze, starker Wind und D\u00fcrre im Sommer, heftige Regenf\u00e4lle und kr\u00e4ftige Winde im Winter.<\/p>\n<\/div><figure class=\"wp-block-media-text__media\"><img loading=\"lazy\" decoding=\"async\" width=\"768\" height=\"1024\" src=\"http:\/\/papadakisfinest.com\/wp-content\/uploads\/2025\/03\/IMG_9232-768x1024.jpg\" alt=\"\" class=\"wp-image-665 size-full\" srcset=\"https:\/\/papadakisfinest.com\/wp-content\/uploads\/2025\/03\/IMG_9232-768x1024.jpg 768w, https:\/\/papadakisfinest.com\/wp-content\/uploads\/2025\/03\/IMG_9232-225x300.jpg 225w, https:\/\/papadakisfinest.com\/wp-content\/uploads\/2025\/03\/IMG_9232-1152x1536.jpg 1152w, https:\/\/papadakisfinest.com\/wp-content\/uploads\/2025\/03\/IMG_9232-1536x2048.jpg 1536w, https:\/\/papadakisfinest.com\/wp-content\/uploads\/2025\/03\/IMG_9232-9x12.jpg 9w, https:\/\/papadakisfinest.com\/wp-content\/uploads\/2025\/03\/IMG_9232-scaled.jpg 1920w\" sizes=\"auto, (max-width: 768px) 100vw, 768px\" \/><\/figure><\/div>\n\n\n\n<div style=\"height:47px\" aria-hidden=\"true\" class=\"wp-block-spacer\"><\/div>\n\n\n\n<div class=\"wp-block-group alignfull has-background is-layout-flow wp-block-group-is-layout-flow\" style=\"background-color:#f5eac1;padding-top:6vw;padding-right:6vw;padding-bottom:6vw;padding-left:6vw\">\n<div class=\"wp-block-group is-vertical is-nowrap is-layout-flex wp-container-core-group-is-layout-1 wp-block-group-is-layout-flex\" style=\"padding-right:0;padding-left:0\">\n<h6 class=\"wp-block-heading has-text-color\" id=\"ecosystem\" style=\"color:#000000;font-size:clamp(14px, 0.875rem + ((1vw - 3.2px) * 0.156), 16px);\">Papadakis Finest<\/h6>\n\n\n\n<p class=\"has-text-color\" style=\"color:#000000;font-size:6vw;font-style:normal;font-weight:700;letter-spacing:0px;line-height:0.9;text-decoration:none;text-transform:none\">100 % nat\u00fcrliches Oliven\u00f6l.<\/p>\n<\/div>\n\n\n\n<div style=\"height:1vw\" aria-hidden=\"true\" class=\"wp-block-spacer\"><\/div>\n\n\n\n<div class=\"wp-block-group alignwide is-vertical is-nowrap is-layout-flex wp-container-core-group-is-layout-3 wp-block-group-is-layout-flex\" style=\"padding-top:0;padding-right:0;padding-bottom:0;padding-left:0\">\n<div class=\"wp-block-columns alignwide is-layout-flex wp-container-core-columns-is-layout-1 wp-block-columns-is-layout-flex\">\n<div class=\"wp-block-column is-layout-flow wp-block-column-is-layout-flow\" style=\"flex-basis:33.38%\">\n<p class=\"has-text-color\" style=\"color:#000000;font-size:clamp(14px, 0.875rem + ((1vw - 3.2px) * 0.234), 17px);\">Unser Oliven\u00f6l ist umweltfreundlich, da es keine langen Produktionswege durchl\u00e4uft und die lokale genossenschaftliche M\u00fchle unterst\u00fctzt. Da es weder gefiltert noch jahrelang gelagert wird, beh\u00e4lt es seinen frischen, fruchtigen Geschmack und seine intensive Farbe. Es eignet sich sowohl zum Kochen als auch zum rohen Verzehr \u2013 perfekt f\u00fcr feine Salate, zum Dippen oder zum Verfeinern von Gerichten.<\/p>\n\n\n\n<p class=\"has-text-color\" style=\"color:#000000;font-size:clamp(14px, 0.875rem + ((1vw - 3.2px) * 0.234), 17px);\">Dieses Jahr verschicken wir unser Oliven\u00f6l zum ersten Mal als Testlauf nach Deutschland \u2013 Work in Progress \u2013 an Familie &amp; Freunde!<br>Wenn ihr Interesse an unserem Oliven\u00f6l habt und weitere Infos per E-Mail erhalten m\u00f6chtet, schickt uns gerne eine Anfrage \u00fcber das Kontaktformular weiter unten.<br><\/p>\n\n\n\n<p class=\"has-text-color\" style=\"color:#000000;font-size:clamp(14px, 0.875rem + ((1vw - 3.2px) * 0.234), 17px);\"><\/p>\n<\/div>\n\n\n\n<div class=\"wp-block-column is-layout-flow wp-block-column-is-layout-flow\" style=\"flex-basis:33%\">\n<div style=\"height:2vw\" aria-hidden=\"true\" class=\"wp-block-spacer\"><\/div>\n\n\n\n<figure class=\"wp-block-image size-large\"><img loading=\"lazy\" decoding=\"async\" width=\"768\" height=\"1024\" src=\"http:\/\/papadakisfinest.com\/wp-content\/uploads\/2024\/12\/IMG_8332-768x1024.jpg\" alt=\"\" class=\"wp-image-55\" srcset=\"https:\/\/papadakisfinest.com\/wp-content\/uploads\/2024\/12\/IMG_8332-768x1024.jpg 768w, https:\/\/papadakisfinest.com\/wp-content\/uploads\/2024\/12\/IMG_8332-225x300.jpg 225w, https:\/\/papadakisfinest.com\/wp-content\/uploads\/2024\/12\/IMG_8332-1152x1536.jpg 1152w, https:\/\/papadakisfinest.com\/wp-content\/uploads\/2024\/12\/IMG_8332-1536x2048.jpg 1536w, https:\/\/papadakisfinest.com\/wp-content\/uploads\/2024\/12\/IMG_8332-scaled.jpg 1920w\" sizes=\"auto, (max-width: 768px) 100vw, 768px\" \/><figcaption class=\"wp-element-caption\">Auch unsere H\u00fcndin Kalliope hilft ab und zu bei der Ernte!<\/figcaption><\/figure>\n<\/div>\n\n\n\n<div class=\"wp-block-column is-layout-flow wp-block-column-is-layout-flow\" style=\"flex-basis:33.62%\">\n<figure class=\"wp-block-image size-large\"><img loading=\"lazy\" decoding=\"async\" width=\"768\" height=\"1024\" src=\"https:\/\/papadakisfinest.com\/wp-content\/uploads\/2025\/03\/IMG_9219-768x1024.jpg\" alt=\"\" class=\"wp-image-668\" srcset=\"https:\/\/papadakisfinest.com\/wp-content\/uploads\/2025\/03\/IMG_9219-768x1024.jpg 768w, https:\/\/papadakisfinest.com\/wp-content\/uploads\/2025\/03\/IMG_9219-225x300.jpg 225w, https:\/\/papadakisfinest.com\/wp-content\/uploads\/2025\/03\/IMG_9219-1152x1536.jpg 1152w, https:\/\/papadakisfinest.com\/wp-content\/uploads\/2025\/03\/IMG_9219-1536x2048.jpg 1536w, https:\/\/papadakisfinest.com\/wp-content\/uploads\/2025\/03\/IMG_9219-9x12.jpg 9w, https:\/\/papadakisfinest.com\/wp-content\/uploads\/2025\/03\/IMG_9219-scaled.jpg 1920w\" sizes=\"auto, (max-width: 768px) 100vw, 768px\" \/><figcaption class=\"wp-element-caption\">Myrina &amp; Manolis bei der ersten Olivenernte 2021<\/figcaption><\/figure>\n<\/div>\n<\/div>\n\n\n\n<div class=\"wp-block-group alignwide is-layout-constrained wp-block-group-is-layout-constrained\">\n<div class=\"wp-block-columns alignwide is-layout-flex wp-container-core-columns-is-layout-2 wp-block-columns-is-layout-flex\">\n<div class=\"wp-block-column is-layout-flow wp-block-column-is-layout-flow\" style=\"flex-basis:69%\">\n<figure class=\"wp-block-image size-large\"><img loading=\"lazy\" decoding=\"async\" width=\"768\" height=\"1024\" src=\"https:\/\/papadakisfinest.com\/wp-content\/uploads\/2025\/03\/IMG_8742-1-1-768x1024.jpg\" alt=\"\" class=\"wp-image-669\" srcset=\"https:\/\/papadakisfinest.com\/wp-content\/uploads\/2025\/03\/IMG_8742-1-1-768x1024.jpg 768w, https:\/\/papadakisfinest.com\/wp-content\/uploads\/2025\/03\/IMG_8742-1-1-225x300.jpg 225w, https:\/\/papadakisfinest.com\/wp-content\/uploads\/2025\/03\/IMG_8742-1-1-1152x1536.jpg 1152w, https:\/\/papadakisfinest.com\/wp-content\/uploads\/2025\/03\/IMG_8742-1-1-1536x2048.jpg 1536w, https:\/\/papadakisfinest.com\/wp-content\/uploads\/2025\/03\/IMG_8742-1-1-9x12.jpg 9w, https:\/\/papadakisfinest.com\/wp-content\/uploads\/2025\/03\/IMG_8742-1-1-scaled.jpg 1920w\" sizes=\"auto, (max-width: 768px) 100vw, 768px\" \/><\/figure>\n<\/div>\n\n\n\n<div class=\"wp-block-column is-vertically-aligned-center is-layout-flow wp-block-column-is-layout-flow\" style=\"flex-basis:33%\">\n<div style=\"height:2vw\" aria-hidden=\"true\" class=\"wp-block-spacer\"><\/div>\n\n\n\n<p class=\"has-text-color\" style=\"color:#000000;font-size:clamp(14px, 0.875rem + ((1vw - 3.2px) * 0.234), 17px);\"><strong>Wir freuen uns, von euch zu h\u00f6ren!<\/strong><br><br><\/p>\n\n\n<div class=\"wpforms-container wpforms-render-modern\" id=\"wpforms-620\"><form id=\"wpforms-form-620\" class=\"wpforms-validate wpforms-form wpforms-ajax-form\" data-formid=\"620\" method=\"post\" enctype=\"multipart\/form-data\" action=\"\/en\/wp-json\/wp\/v2\/pages\/646\" data-token=\"6f2cf56609c5eba70783571ae27fd2c4\" data-token-time=\"1778676332\"><noscript class=\"wpforms-error-noscript\">Please enable JavaScript in your browser to complete this form.<\/noscript><div id=\"wpforms-error-noscript\" style=\"display: none;\">Please enable JavaScript in your browser to complete this form.<\/div><div class=\"wpforms-field-container\">\t\t<div id=\"wpforms-620-field_4-container\"\n\t\t\tclass=\"wpforms-field wpforms-field-text\"\n\t\t\tdata-field-type=\"text\"\n\t\t\tdata-field-id=\"4\"\n\t\t\t>\n\t\t\t<label class=\"wpforms-field-label\" for=\"wpforms-620-field_4\" >Name E-Mail Nachricht<\/label>\n\t\t\t<input type=\"text\" id=\"wpforms-620-field_4\" class=\"wpforms-field-medium\" name=\"wpforms[fields][4]\" >\n\t\t<\/div>\n\t\t<div id=\"wpforms-620-field_1-container\" class=\"wpforms-field wpforms-field-name\" data-field-id=\"1\"><label class=\"wpforms-field-label\" for=\"wpforms-620-field_1\">Dein Name <span class=\"wpforms-required-label\" aria-hidden=\"true\">*<\/span><\/label><input type=\"text\" id=\"wpforms-620-field_1\" class=\"wpforms-field-medium wpforms-field-required\" name=\"wpforms[fields][1]\" aria-errormessage=\"wpforms-620-field_1-error\" required><\/div><div id=\"wpforms-620-field_2-container\" class=\"wpforms-field wpforms-field-email\" data-field-id=\"2\"><label class=\"wpforms-field-label\" for=\"wpforms-620-field_2\">E-Mail Adresse <span class=\"wpforms-required-label\" aria-hidden=\"true\">*<\/span><\/label><input type=\"email\" id=\"wpforms-620-field_2\" class=\"wpforms-field-medium wpforms-field-required\" name=\"wpforms[fields][2]\" spellcheck=\"false\" aria-errormessage=\"wpforms-620-field_2-error\" required><\/div><div id=\"wpforms-620-field_3-container\" class=\"wpforms-field wpforms-field-textarea\" data-field-id=\"3\"><label class=\"wpforms-field-label\" for=\"wpforms-620-field_3\">Deine Nachricht<\/label><textarea id=\"wpforms-620-field_3\" class=\"wpforms-field-medium\" name=\"wpforms[fields][3]\" aria-errormessage=\"wpforms-620-field_3-error\" ><\/textarea><\/div><script>\n\t\t\t\t( function() {\n\t\t\t\t\tconst style = document.createElement( 'style' );\n\t\t\t\t\tstyle.appendChild( document.createTextNode( '#wpforms-620-field_4-container { position: absolute !important; overflow: hidden !important; display: inline !important; height: 1px !important; width: 1px !important; z-index: -1000 !important; padding: 0 !important; } #wpforms-620-field_4-container input { visibility: hidden; } #wpforms-conversational-form-page #wpforms-620-field_4-container label { counter-increment: none; }' ) );\n\t\t\t\t\tdocument.head.appendChild( style );\n\t\t\t\t\tdocument.currentScript?.remove();\n\t\t\t\t} )();\n\t\t\t<\/script><\/div><!-- .wpforms-field-container --><div class=\"wpforms-submit-container\" ><input type=\"hidden\" name=\"wpforms[id]\" value=\"620\"><input type=\"hidden\" name=\"page_title\" value=\"\"><input type=\"hidden\" name=\"page_url\" value=\"https:\/\/papadakisfinest.com\/en\/wp-json\/wp\/v2\/pages\/646\"><input type=\"hidden\" name=\"url_referer\" value=\"\"><button type=\"submit\" name=\"wpforms[submit]\" id=\"wpforms-submit-620\" class=\"wpforms-submit\" data-alt-text=\"Wird gesendet\u00a0\u2026\" data-submit-text=\"Absenden\" aria-live=\"assertive\" value=\"wpforms-submit\">Absenden<\/button><img loading=\"lazy\" decoding=\"async\" src=\"https:\/\/papadakisfinest.com\/wp-content\/plugins\/wpforms-lite\/assets\/images\/submit-spin.svg\" class=\"wpforms-submit-spinner\" style=\"display: none;\" width=\"26\" height=\"26\" alt=\"Loading\"><\/div><\/form><\/div>  <!-- .wpforms-container -->\n\n\n\n<p class=\"has-text-color\" style=\"color:#000000;font-size:clamp(14px, 0.875rem + ((1vw - 3.2px) * 0.234), 17px);\"><\/p>\n<\/div>\n<\/div>\n<\/div>\n<\/div>\n<\/div>\n","protected":false},"excerpt":{"rendered":"<p>Unser Oliven\u00f6l wird in den Bergen rund um das Fischerdorf Plakias, im S\u00fcden Kretas, hergestellt \u2013 vor allem im Dorf Sellia, das wie ein Sattel auf einem Bergkamm liegt, etwa 300 Meter \u00fcber dem Meer. Hier wachsen seit jeher kretische Oliven, die f\u00fcr ihr intensives Aroma und ihren geringen S\u00e4uregehalt bekannt sind. Aber wie fing [&hellip;]<\/p>\n","protected":false},"author":1,"featured_media":0,"parent":0,"menu_order":0,"comment_status":"closed","ping_status":"closed","template":"","meta":{"footnotes":""},"class_list":["post-646","page","type-page","status-publish","hentry"],"blocksy_meta":[],"_links":{"self":[{"href":"https:\/\/papadakisfinest.com\/en\/wp-json\/wp\/v2\/pages\/646","targetHints":{"allow":["GET"]}}],"collection":[{"href":"https:\/\/papadakisfinest.com\/en\/wp-json\/wp\/v2\/pages"}],"about":[{"href":"https:\/\/papadakisfinest.com\/en\/wp-json\/wp\/v2\/types\/page"}],"author":[{"embeddable":true,"href":"https:\/\/papadakisfinest.com\/en\/wp-json\/wp\/v2\/users\/1"}],"replies":[{"embeddable":true,"href":"https:\/\/papadakisfinest.com\/en\/wp-json\/wp\/v2\/comments?post=646"}],"version-history":[{"count":19,"href":"https:\/\/papadakisfinest.com\/en\/wp-json\/wp\/v2\/pages\/646\/revisions"}],"predecessor-version":[{"id":672,"href":"https:\/\/papadakisfinest.com\/en\/wp-json\/wp\/v2\/pages\/646\/revisions\/672"}],"wp:attachment":[{"href":"https:\/\/papadakisfinest.com\/en\/wp-json\/wp\/v2\/media?parent=646"}],"curies":[{"name":"wp","href":"https:\/\/api.w.org\/{rel}","templated":true}]}}