{"id":534,"date":"2025-02-09T16:28:03","date_gmt":"2025-02-09T16:28:03","guid":{"rendered":"https:\/\/papadakisfinest.com\/?page_id=534"},"modified":"2025-02-17T15:36:55","modified_gmt":"2025-02-17T15:36:55","slug":"naturally-cretan-olivenoel-aus-kretas-sueden","status":"publish","type":"page","link":"https:\/\/papadakisfinest.com\/en\/","title":{"rendered":"Startseite"},"content":{"rendered":"\n<div class=\"wp-block-cover alignfull is-light has-custom-content-position is-position-bottom-left\" style=\"min-height:100vh;aspect-ratio:unset;\"><span aria-hidden=\"true\" class=\"wp-block-cover__background has-background-dim-0 has-background-dim\" style=\"background-color:#a19b92\"><\/span><img loading=\"lazy\" decoding=\"async\" width=\"1920\" height=\"2560\" class=\"wp-block-cover__image-background wp-image-54\" alt=\"\" src=\"http:\/\/papadakisfinest.com\/wp-content\/uploads\/2024\/12\/IMG_8464-scaled.jpg\" style=\"object-position:57% 62%\" data-object-fit=\"cover\" data-object-position=\"57% 62%\" srcset=\"https:\/\/papadakisfinest.com\/wp-content\/uploads\/2024\/12\/IMG_8464-scaled.jpg 1920w, https:\/\/papadakisfinest.com\/wp-content\/uploads\/2024\/12\/IMG_8464-225x300.jpg 225w, https:\/\/papadakisfinest.com\/wp-content\/uploads\/2024\/12\/IMG_8464-768x1024.jpg 768w, https:\/\/papadakisfinest.com\/wp-content\/uploads\/2024\/12\/IMG_8464-1152x1536.jpg 1152w, https:\/\/papadakisfinest.com\/wp-content\/uploads\/2024\/12\/IMG_8464-1536x2048.jpg 1536w\" sizes=\"auto, (max-width: 1920px) 100vw, 1920px\" \/><div class=\"wp-block-cover__inner-container is-layout-constrained wp-block-cover-is-layout-constrained\">\n<p class=\"has-text-align-center has-palette-color-8-color has-text-color has-link-color has-medium-font-size wp-elements-9f489e804e2ac79effadfb842d603c9e\">Harvest 2024 \/ 2025<\/p>\n<\/div><\/div>\n\n\n\n<h2 class=\"wp-block-heading\">Naturally Cretan \u2014 100% Oliven\u00f6l aus Familienherstellung<\/h2>\n\n\n\n<p>Unser Oliven\u00f6l ist <strong>100 % nat\u00fcrlich, ungefiltert<\/strong> und stammt aus den Bergen von Plakias &amp; Sellia. Wir ernten von Hand \u2013 mit viel Sorgfalt, damit die Oliven in bestem Zustand bleiben und ihr einzigartiger Geschmack erhalten bleibt.<\/p>\n\n\n\n<p><br>Das <strong>extra native Oliven\u00f6l hat einen S\u00e4uregehalt von unter 0,5 % <\/strong>und \u00fcberzeugt mit seiner milden, frischen Note und intensiven gr\u00fcnen Farbe. Vom Feld geht es direkt zur genossenschaftlichen M\u00fchle und ohne Umwege ins Fass \u2013 keine Zus\u00e4tze, keine Industrieverarbeitung.<\/p>\n\n\n\n<p><br>Jedes Jahr gibt es nur eine begrenzte Menge. Wenn du mehr \u00fcber die aktuelle Ernte oder den Versand innerhalb Europas wissen m\u00f6chtest, schreib uns gerne!<\/p>\n\n\n\n<p><\/p>\n\n\n\n<div class=\"wp-block-columns is-layout-flex wp-container-core-columns-is-layout-1 wp-block-columns-is-layout-flex\">\n<div class=\"wp-block-column is-layout-flow wp-block-column-is-layout-flow\">\n<figure class=\"wp-block-image size-large is-resized\"><img loading=\"lazy\" decoding=\"async\" width=\"768\" height=\"1024\" src=\"http:\/\/papadakisfinest.com\/wp-content\/uploads\/2024\/12\/IMG_8285-768x1024.jpg\" alt=\"\" class=\"wp-image-53\" style=\"width:367px;height:auto\" srcset=\"https:\/\/papadakisfinest.com\/wp-content\/uploads\/2024\/12\/IMG_8285-768x1024.jpg 768w, https:\/\/papadakisfinest.com\/wp-content\/uploads\/2024\/12\/IMG_8285-225x300.jpg 225w, https:\/\/papadakisfinest.com\/wp-content\/uploads\/2024\/12\/IMG_8285-1152x1536.jpg 1152w, https:\/\/papadakisfinest.com\/wp-content\/uploads\/2024\/12\/IMG_8285-1536x2048.jpg 1536w, https:\/\/papadakisfinest.com\/wp-content\/uploads\/2024\/12\/IMG_8285-scaled.jpg 1920w\" sizes=\"auto, (max-width: 768px) 100vw, 768px\" \/><\/figure>\n<\/div>\n\n\n\n<div class=\"wp-block-column is-layout-flow wp-block-column-is-layout-flow\"><div class=\"wpforms-container wpforms-render-modern\" id=\"wpforms-620\"><form id=\"wpforms-form-620\" class=\"wpforms-validate wpforms-form wpforms-ajax-form\" data-formid=\"620\" method=\"post\" enctype=\"multipart\/form-data\" action=\"\/en\/wp-json\/wp\/v2\/pages\/534\" data-token=\"6f2cf56609c5eba70783571ae27fd2c4\" data-token-time=\"1778673532\"><noscript class=\"wpforms-error-noscript\">Please enable JavaScript in your browser to complete this form.<\/noscript><div id=\"wpforms-error-noscript\" style=\"display: none;\">Please enable JavaScript in your browser to complete this form.<\/div><div class=\"wpforms-field-container\"><div id=\"wpforms-620-field_1-container\" class=\"wpforms-field wpforms-field-name\" data-field-id=\"1\"><label class=\"wpforms-field-label\" for=\"wpforms-620-field_1\">Dein Name <span class=\"wpforms-required-label\" aria-hidden=\"true\">*<\/span><\/label><input type=\"text\" id=\"wpforms-620-field_1\" class=\"wpforms-field-medium wpforms-field-required\" name=\"wpforms[fields][1]\" aria-errormessage=\"wpforms-620-field_1-error\" required><\/div><div id=\"wpforms-620-field_2-container\" class=\"wpforms-field wpforms-field-email\" data-field-id=\"2\"><label class=\"wpforms-field-label\" for=\"wpforms-620-field_2\">E-Mail Adresse <span class=\"wpforms-required-label\" aria-hidden=\"true\">*<\/span><\/label><input type=\"email\" id=\"wpforms-620-field_2\" class=\"wpforms-field-medium wpforms-field-required\" name=\"wpforms[fields][2]\" spellcheck=\"false\" aria-errormessage=\"wpforms-620-field_2-error\" required><\/div>\t\t<div id=\"wpforms-620-field_4-container\"\n\t\t\tclass=\"wpforms-field wpforms-field-text\"\n\t\t\tdata-field-type=\"text\"\n\t\t\tdata-field-id=\"4\"\n\t\t\t>\n\t\t\t<label class=\"wpforms-field-label\" for=\"wpforms-620-field_4\" >Dein E-Mail Adresse<\/label>\n\t\t\t<input type=\"text\" id=\"wpforms-620-field_4\" class=\"wpforms-field-medium\" name=\"wpforms[fields][4]\" >\n\t\t<\/div>\n\t\t<div id=\"wpforms-620-field_3-container\" class=\"wpforms-field wpforms-field-textarea\" data-field-id=\"3\"><label class=\"wpforms-field-label\" for=\"wpforms-620-field_3\">Deine Nachricht<\/label><textarea id=\"wpforms-620-field_3\" class=\"wpforms-field-medium\" name=\"wpforms[fields][3]\" aria-errormessage=\"wpforms-620-field_3-error\" ><\/textarea><\/div><script>\n\t\t\t\t( function() {\n\t\t\t\t\tconst style = document.createElement( 'style' );\n\t\t\t\t\tstyle.appendChild( document.createTextNode( '#wpforms-620-field_4-container { position: absolute !important; overflow: hidden !important; display: inline !important; height: 1px !important; width: 1px !important; z-index: -1000 !important; padding: 0 !important; } #wpforms-620-field_4-container input { visibility: hidden; } #wpforms-conversational-form-page #wpforms-620-field_4-container label { counter-increment: none; }' ) );\n\t\t\t\t\tdocument.head.appendChild( style );\n\t\t\t\t\tdocument.currentScript?.remove();\n\t\t\t\t} )();\n\t\t\t<\/script><\/div><!-- .wpforms-field-container --><div class=\"wpforms-submit-container\" ><input type=\"hidden\" name=\"wpforms[id]\" value=\"620\"><input type=\"hidden\" name=\"page_title\" value=\"\"><input type=\"hidden\" name=\"page_url\" value=\"https:\/\/papadakisfinest.com\/en\/wp-json\/wp\/v2\/pages\/534\"><input type=\"hidden\" name=\"url_referer\" value=\"\"><button type=\"submit\" name=\"wpforms[submit]\" id=\"wpforms-submit-620\" class=\"wpforms-submit\" data-alt-text=\"Wird gesendet\u00a0\u2026\" data-submit-text=\"Absenden\" aria-live=\"assertive\" value=\"wpforms-submit\">Absenden<\/button><img loading=\"lazy\" decoding=\"async\" src=\"https:\/\/papadakisfinest.com\/wp-content\/plugins\/wpforms-lite\/assets\/images\/submit-spin.svg\" class=\"wpforms-submit-spinner\" style=\"display: none;\" width=\"26\" height=\"26\" alt=\"Loading\"><\/div><\/form><\/div>  <!-- .wpforms-container -->\n<\/div>\n<\/div>\n\n\n\n<p><\/p>\n","protected":false},"excerpt":{"rendered":"<p>Naturally Cretan \u2014 100% Oliven\u00f6l aus Familienherstellung Unser Oliven\u00f6l ist 100 % nat\u00fcrlich, ungefiltert und stammt aus den Bergen von Plakias &amp; Sellia. Wir ernten von Hand \u2013 mit viel Sorgfalt, damit die Oliven in bestem Zustand bleiben und ihr einzigartiger Geschmack erhalten bleibt. Das extra native Oliven\u00f6l hat einen S\u00e4uregehalt von unter 0,5 % [&hellip;]<\/p>\n","protected":false},"author":1,"featured_media":0,"parent":0,"menu_order":0,"comment_status":"closed","ping_status":"closed","template":"","meta":{"footnotes":""},"class_list":["post-534","page","type-page","status-publish","hentry"],"blocksy_meta":[],"_links":{"self":[{"href":"https:\/\/papadakisfinest.com\/en\/wp-json\/wp\/v2\/pages\/534","targetHints":{"allow":["GET"]}}],"collection":[{"href":"https:\/\/papadakisfinest.com\/en\/wp-json\/wp\/v2\/pages"}],"about":[{"href":"https:\/\/papadakisfinest.com\/en\/wp-json\/wp\/v2\/types\/page"}],"author":[{"embeddable":true,"href":"https:\/\/papadakisfinest.com\/en\/wp-json\/wp\/v2\/users\/1"}],"replies":[{"embeddable":true,"href":"https:\/\/papadakisfinest.com\/en\/wp-json\/wp\/v2\/comments?post=534"}],"version-history":[{"count":33,"href":"https:\/\/papadakisfinest.com\/en\/wp-json\/wp\/v2\/pages\/534\/revisions"}],"predecessor-version":[{"id":679,"href":"https:\/\/papadakisfinest.com\/en\/wp-json\/wp\/v2\/pages\/534\/revisions\/679"}],"wp:attachment":[{"href":"https:\/\/papadakisfinest.com\/en\/wp-json\/wp\/v2\/media?parent=534"}],"curies":[{"name":"wp","href":"https:\/\/api.w.org\/{rel}","templated":true}]}}